{"id":2065,"date":"2023-01-18T08:04:51","date_gmt":"2023-01-18T08:04:51","guid":{"rendered":"http:\/\/spczarna.wolomin.org\/?page_id=2065"},"modified":"2023-01-18T08:04:52","modified_gmt":"2023-01-18T08:04:52","slug":"deklaracja-dostepnosci","status":"publish","type":"page","link":"http:\/\/spczarna.wolomin.org\/?page_id=2065","title":{"rendered":"Deklaracja dost\u0119pno\u015bci"},"content":{"rendered":"\n<p><strong>Deklaracja dost\u0119pno\u015bci<\/strong><\/p>\n\n\n\n<p>Szko\u0142a Podstawowa im. gen. Jana Henryka D\u0105browskiego w Czarnej zobowi\u0105zuje si\u0119 zapewni\u0107 dost\u0119pno\u015b\u0107 swojej strony internetowej zgodnie z przepisami ustawy z dnia 4 kwietnia 2019 r. o dost\u0119pno\u015bci cyfrowej stron internetowych i aplikacji mobilnych podmiot\u00f3w publicznych. O\u015bwiadczenie w sprawie dost\u0119pno\u015bci ma zastosowanie do strony internetowej <strong>www.spczarna.wolomin.org<\/strong><\/p>\n\n\n\n<p>Data publikacji strony internetowej: 24.02.2021 r.<\/p>\n\n\n\n<p>Data ostatniej aktualizacji: 17.01.2023 r.<\/p>\n\n\n\n<p><strong>Status pod wzgl\u0119dem zgodno\u015bci<\/strong><\/p>\n\n\n\n<p>Strona internetowa jest cz\u0119\u015bciowo zgodna z ustaw\u0105 o dost\u0119pno\u015bci cyfrowej stron internetowych podmiot\u00f3w publicznych z powodu niezgodno\u015bci lub wy\u0142\u0105cze\u0144 wymienionych poni\u017cej.<\/p>\n\n\n\n<p><strong>Wymagania, kt\u00f3re nie zosta\u0142y spe\u0142nione<\/strong><\/p>\n\n\n\n<ul data-block-type=\"core\"><li>nie wszystkie pliki graficzne posiadaj\u0105 alternatywny tekst, zosta\u0142y opublikowane przed wej\u015bciem w \u017cycie ustawy o dost\u0119pno\u015bci cyfrowej,<\/li><li>kontrast dla tre\u015bci nieb\u0119d\u0105cych tekstem (nie wszystkie pliki graficzne posiadaj\u0105 kontrast)<\/li><\/ul>\n\n\n\n<p><strong>Przygotowanie deklaracji w sprawie dost\u0119pno\u015bci<\/strong><\/p>\n\n\n\n<p>Deklaracj\u0119 sporz\u0105dzono dnia 03.02.2021 r. na podstawie samooceny przeprowadzonej przez podmiot publiczny.<\/p>\n\n\n\n<p><strong>Skr\u00f3ty klawiaturowe:<\/strong><\/p>\n\n\n\n<p>Na stronie internetowej mo\u017cna u\u017cywa\u0107 standardowych skr\u00f3t\u00f3w klawiaturowych przegl\u0105darki<\/p>\n\n\n\n<p><strong>Informacje zwrotne i dane kontaktowe:<\/strong><\/p>\n\n\n\n<p>W przypadku problem\u00f3w z dost\u0119pno\u015bci\u0105 strony internetowej o kontakt.<\/p>\n\n\n\n<p>Osobami kontaktowymi s\u0105:<\/p>\n\n\n\n<ul data-block-type=\"core\"><li>Rafa\u0142 Jurewicz, e \u2013 mail: szkola.czarna@op.pl<\/li><li>Kontaktowa\u0107 mo\u017cna si\u0119 tak\u017ce dzwoni\u0105c na numer telefonu 22 787 \u2013 81 \u2013 51;<br>e \u2013 mail: <a href=\"mailto:sekretariat.spczarna@wolomin.org\">sekretariat.spczarna@wolomin.org<\/a><\/li><li>T\u0105 sam\u0105 drog\u0105 mo\u017cna sk\u0142ada\u0107 wnioski o udost\u0119pnienie informacji niedost\u0119pnej oraz sk\u0142ada\u0107 \u017c\u0105dania zapewnienia dost\u0119pno\u015bci.<\/li><\/ul>\n\n\n\n<p><strong>Informacje na temat procedury<\/strong><\/p>\n\n\n\n<p>Ka\u017cdy ma prawo do wyst\u0105pienia z \u017c\u0105daniem zapewnienia dost\u0119pno\u015bci cyfrowej strony internetowej, aplikacji mobilnej lub jakiego\u015b ich elementu. Mo\u017cna tak\u017ce za\u017c\u0105da\u0107 udost\u0119pnienia informacji za pomoc\u0105 alternatywnego sposobu dost\u0119pu, na przyk\u0142ad przez odczytanie niedost\u0119pnego cyfrowo dokumentu, opisanie zawarto\u015bci filmu bez audiodeskrypcji itp. \u017b\u0105danie powinno zawiera\u0107 dane osoby zg\u0142aszaj\u0105cej \u017c\u0105danie, wskazanie, o kt\u00f3r\u0105 stron\u0119 internetow\u0105 lub aplikacj\u0119 mobiln\u0105 chodzi oraz spos\u00f3b kontaktu. Je\u017celi osoba \u017c\u0105daj\u0105ca zg\u0142asza potrzeb\u0119 otrzymania informacji za pomoc\u0105 alternatywnego sposobu dost\u0119pu, powinna tak\u017ce okre\u015bli\u0107 dogodny dla niej spos\u00f3b przedstawienia tej informacji. Podmiot publiczny powinien zrealizowa\u0107 \u017c\u0105danie niezw\u0142ocznie, nie p\u00f3\u017aniej ni\u017c w ci\u0105gu 7 dni od dnia wyst\u0105pienia z&nbsp;\u017c\u0105daniem. Je\u017celi dotrzymanie tego terminu nie jest mo\u017cliwe, podmiot publiczny niezw\u0142ocznie informuje o tym wnosz\u0105cego \u017c\u0105danie, kiedy realizacja \u017c\u0105dania b\u0119dzie mo\u017cliwa, przy czym termin ten nie mo\u017ce by\u0107 d\u0142u\u017cszy ni\u017c 2 miesi\u0105ce od dnia wyst\u0105pienia z \u017c\u0105daniem. Je\u017celi zapewnienie dost\u0119pno\u015bci cyfrowej nie jest mo\u017cliwe, podmiot publiczny mo\u017ce zaproponowa\u0107 alternatywny spos\u00f3b dost\u0119pu do informacji. W przypadku, gdy podmiot publiczny odm\u00f3wi realizacji \u017c\u0105dania zapewnienia dost\u0119pno\u015bci lub alternatywnego sposobu dost\u0119pu do informacji, wnosz\u0105cy \u017c\u0105danie mo\u017cne z\u0142o\u017cy\u0107 skarg\u0119 w sprawie zapewniana dost\u0119pno\u015bci cyfrowej strony internetowej, aplikacji mobilnej lub elementu strony internetowej, lub aplikacji mobilnej. Po wyczerpaniu wskazanej wy\u017cej procedury mo\u017cna tak\u017ce z\u0142o\u017cy\u0107 wniosek do Rzecznika Praw Obywatelskich.<\/p>\n\n\n\n<p><strong>Strona internetowa Rzecznika Praw Obywatelskich:<\/strong> <a href=\"https:\/\/www.rpo.gov.pl\/\" target=\"_blank\" rel=\"noreferrer noopener\"><u>https:\/\/www.rpo.gov.pl\/<\/u><\/a><\/p>\n\n\n\n<p><strong>Dane teleadresowe podmiotu publicznego:<\/strong><\/p>\n\n\n\n<p>05 \u2013 200 Czarna, ul. Witosa 52<\/p>\n\n\n\n<p>tel.: 22 787 \u2013 81 \u2013 51<\/p>\n\n\n\n<p>e \u2013 mail: <a href=\"mailto:sekretariat.spczarna@wolomin.org\">sekretariat.spczarna@wolomin.org<\/a><\/p>\n\n\n\n<p>strona internetowa: www.spczarna.wolomin.org<\/p>\n\n\n\n<p><strong>Dost\u0119pno\u015b\u0107 architektoniczna<\/strong><\/p>\n\n\n\n<p>Budynek Szko\u0142y Podstawowej im. gen. Jana Henryka D\u0105browskiego w Czarnej posiada dwa podjazdy dla os\u00f3b niepe\u0142nosprawnych, znajduj\u0105ce si\u0119 wej\u015bciach do sali gimnastycznej. Pokonuj\u0105c podjazd dla niepe\u0142nosprawnych mo\u017cemy swobodnie dosta\u0107 si\u0119 gabinetu Dyrektora, Wicedyrektora, sekretariatu, oraz \u015bwietlicy szkolnej.<\/p>\n\n\n\n<p>Do pozosta\u0142ych cz\u0119\u015bci szko\u0142y prowadz\u0105 schody. Szko\u0142a nie posiada windy, platform, informacji g\u0142osowych, p\u0119tli indukcyjnych oraz toalety przystosowanej dla osoby niepe\u0142nosprawnej.<\/p>\n\n\n\n<p>Na parkingu szkolnym wyznaczone jest jedno miejsce parkingowe dla os\u00f3b niepe\u0142nosprawnych.<\/p>\n\n\n\n<p>Szko\u0142a nie posiada t\u0142umacza j\u0119zyka migowego.<\/p>\n","protected":false},"excerpt":{"rendered":"<p>Deklaracja dost\u0119pno\u015bci Szko\u0142a Podstawowa im. gen. Jana Henryka D\u0105browskiego w Czarnej zobowi\u0105zuje si\u0119 zapewni\u0107 dost\u0119pno\u015b\u0107 swojej strony internetowej zgodnie z<\/p>\n","protected":false},"author":1,"featured_media":0,"parent":0,"menu_order":0,"comment_status":"closed","ping_status":"closed","template":"","meta":{"footnotes":""},"featured_image_urls":{"full":"","thumbnail":"","medium":"","medium_large":"","large":"","1536x1536":"","2048x2048":"","colormag-highlighted-post":"","colormag-featured-post-medium":"","colormag-featured-post-small":"","colormag-featured-image":"","colormag-default-news":"","colormag-featured-image-large":"","colormag-elementor-block-extra-large-thumbnail":"","colormag-elementor-grid-large-thumbnail":"","colormag-elementor-grid-small-thumbnail":"","colormag-elementor-grid-medium-large-thumbnail":""},"post_excerpt_stackable":"<p>Deklaracja dost\u0119pno\u015bci Szko\u0142a Podstawowa im. gen. Jana Henryka D\u0105browskiego w Czarnej zobowi\u0105zuje si\u0119 zapewni\u0107 dost\u0119pno\u015b\u0107 swojej strony internetowej zgodnie z przepisami ustawy z dnia 4 kwietnia 2019 r. o dost\u0119pno\u015bci cyfrowej stron internetowych i aplikacji mobilnych podmiot\u00f3w publicznych. O\u015bwiadczenie w sprawie dost\u0119pno\u015bci ma zastosowanie do strony internetowej www.spczarna.wolomin.org Data publikacji strony internetowej: 24.02.2021 r. Data ostatniej aktualizacji: 17.01.2023 r. Status pod wzgl\u0119dem zgodno\u015bci Strona internetowa jest cz\u0119\u015bciowo zgodna z ustaw\u0105 o dost\u0119pno\u015bci cyfrowej stron internetowych podmiot\u00f3w publicznych z powodu niezgodno\u015bci lub wy\u0142\u0105cze\u0144 wymienionych poni\u017cej. Wymagania, kt\u00f3re nie zosta\u0142y spe\u0142nione nie wszystkie pliki graficzne posiadaj\u0105 alternatywny tekst, zosta\u0142y opublikowane przed wej\u015bciem&hellip;<\/p>\n","category_list":"","author_info":{"name":"admin","url":"http:\/\/spczarna.wolomin.org\/?author=1"},"comments_num":"0 comments","_links":{"self":[{"href":"http:\/\/spczarna.wolomin.org\/index.php?rest_route=\/wp\/v2\/pages\/2065"}],"collection":[{"href":"http:\/\/spczarna.wolomin.org\/index.php?rest_route=\/wp\/v2\/pages"}],"about":[{"href":"http:\/\/spczarna.wolomin.org\/index.php?rest_route=\/wp\/v2\/types\/page"}],"author":[{"embeddable":true,"href":"http:\/\/spczarna.wolomin.org\/index.php?rest_route=\/wp\/v2\/users\/1"}],"replies":[{"embeddable":true,"href":"http:\/\/spczarna.wolomin.org\/index.php?rest_route=%2Fwp%2Fv2%2Fcomments&post=2065"}],"version-history":[{"count":1,"href":"http:\/\/spczarna.wolomin.org\/index.php?rest_route=\/wp\/v2\/pages\/2065\/revisions"}],"predecessor-version":[{"id":2066,"href":"http:\/\/spczarna.wolomin.org\/index.php?rest_route=\/wp\/v2\/pages\/2065\/revisions\/2066"}],"wp:attachment":[{"href":"http:\/\/spczarna.wolomin.org\/index.php?rest_route=%2Fwp%2Fv2%2Fmedia&parent=2065"}],"curies":[{"name":"wp","href":"https:\/\/api.w.org\/{rel}","templated":true}]}}