{"id":354,"date":"2021-02-25T11:29:26","date_gmt":"2021-02-25T11:29:26","guid":{"rendered":"http:\/\/spczarna.wolomin.org\/?page_id=354"},"modified":"2026-01-20T06:29:14","modified_gmt":"2026-01-20T06:29:14","slug":"biblioteka","status":"publish","type":"page","link":"http:\/\/spczarna.wolomin.org\/?page_id=354","title":{"rendered":"Biblioteka"},"content":{"rendered":"\n<p><strong><span class=\"tadv-color\" style=\"color:#0693e3\"> Agnieszka Bugaj<\/span><\/strong><\/p>\n\n\n\n<figure class=\"wp-block-table\" data-block-type=\"core\"><table><tbody><tr><td><strong>Lp.<\/strong><\/td><td><strong>Dni tygodnia<\/strong><\/td><td><strong>Godziny pracy<\/strong><\/td><\/tr><tr><td>1.<\/td><td>Poniedzia\u0142ek<\/td><td>8.45-10.40, 11.25-11.45, 12.30-14.20<\/td><\/tr><tr><td>2.<\/td><td>Wtorek<\/td><td>8.00-10.40, 11.25-11.45, 13.30-14.20<\/td><\/tr><tr><td>3.<\/td><td>\u015aroda<\/td><td>8.00-8.50, 11.25-14.20<\/td><\/tr><tr><td>4.<\/td><td>Czwartek<\/td><td>8.00-8.50, 11.25-11.45<\/td><\/tr><tr><td>5.<\/td><td>Pi\u0105tek<\/td><td>8.45-10.40, 11.25-11.45<\/td><\/tr><\/tbody><\/table><\/figure>\n","protected":false},"excerpt":{"rendered":"<p>Agnieszka Bugaj Lp. Dni tygodnia Godziny pracy 1. Poniedzia\u0142ek 8.45-10.40, 11.25-11.45, 12.30-14.20 2. Wtorek 8.00-10.40, 11.25-11.45, 13.30-14.20 3. \u015aroda 8.00-8.50,<\/p>\n","protected":false},"author":1,"featured_media":0,"parent":0,"menu_order":0,"comment_status":"closed","ping_status":"closed","template":"","meta":{"footnotes":""},"featured_image_urls":{"full":"","thumbnail":"","medium":"","medium_large":"","large":"","1536x1536":"","2048x2048":"","colormag-highlighted-post":"","colormag-featured-post-medium":"","colormag-featured-post-small":"","colormag-featured-image":"","colormag-default-news":"","colormag-featured-image-large":"","colormag-elementor-block-extra-large-thumbnail":"","colormag-elementor-grid-large-thumbnail":"","colormag-elementor-grid-small-thumbnail":"","colormag-elementor-grid-medium-large-thumbnail":""},"post_excerpt_stackable":"<p>Agnieszka Bugaj Lp.Dni tygodniaGodziny pracy1.Poniedzia\u0142ek8.45-10.40, 11.25-11.45, 12.30-14.202.Wtorek8.00-10.40, 11.25-11.45, 13.30-14.203.\u015aroda8.00-8.50, 11.25-14.204.Czwartek8.00-8.50, 11.25-11.455.Pi\u0105tek8.45-10.40, 11.25-11.45<\/p>\n","category_list":"","author_info":{"name":"admin","url":"http:\/\/spczarna.wolomin.org\/?author=1"},"comments_num":"0 comments","_links":{"self":[{"href":"http:\/\/spczarna.wolomin.org\/index.php?rest_route=\/wp\/v2\/pages\/354"}],"collection":[{"href":"http:\/\/spczarna.wolomin.org\/index.php?rest_route=\/wp\/v2\/pages"}],"about":[{"href":"http:\/\/spczarna.wolomin.org\/index.php?rest_route=\/wp\/v2\/types\/page"}],"author":[{"embeddable":true,"href":"http:\/\/spczarna.wolomin.org\/index.php?rest_route=\/wp\/v2\/users\/1"}],"replies":[{"embeddable":true,"href":"http:\/\/spczarna.wolomin.org\/index.php?rest_route=%2Fwp%2Fv2%2Fcomments&post=354"}],"version-history":[{"count":7,"href":"http:\/\/spczarna.wolomin.org\/index.php?rest_route=\/wp\/v2\/pages\/354\/revisions"}],"predecessor-version":[{"id":6363,"href":"http:\/\/spczarna.wolomin.org\/index.php?rest_route=\/wp\/v2\/pages\/354\/revisions\/6363"}],"wp:attachment":[{"href":"http:\/\/spczarna.wolomin.org\/index.php?rest_route=%2Fwp%2Fv2%2Fmedia&parent=354"}],"curies":[{"name":"wp","href":"https:\/\/api.w.org\/{rel}","templated":true}]}}