{"id":4903,"date":"2024-12-04T17:58:08","date_gmt":"2024-12-04T17:58:08","guid":{"rendered":"http:\/\/spczarna.wolomin.org\/?page_id=4903"},"modified":"2026-04-16T18:12:58","modified_gmt":"2026-04-16T18:12:58","slug":"sukcesy-naszych-uczniow-2","status":"publish","type":"page","link":"http:\/\/spczarna.wolomin.org\/?page_id=4903","title":{"rendered":"Sukcesy naszych uczni\u00f3w"},"content":{"rendered":"\t\t<div data-elementor-type=\"wp-page\" data-elementor-id=\"4903\" class=\"elementor elementor-4903\">\n\t\t\t\t\t\t<section class=\"elementor-section elementor-top-section elementor-element elementor-element-e6a73d9 elementor-section-boxed elementor-section-height-default elementor-section-height-default\" data-id=\"e6a73d9\" data-element_type=\"section\">\n\t\t\t\t\t\t<div class=\"elementor-container elementor-column-gap-default\">\n\t\t\t\t\t<div class=\"elementor-column elementor-col-66 elementor-top-column elementor-element elementor-element-8eae03c\" data-id=\"8eae03c\" data-element_type=\"column\">\n\t\t\t<div class=\"elementor-widget-wrap elementor-element-populated\">\n\t\t\t\t\t\t<div class=\"elementor-element elementor-element-73be52d elementor-widget elementor-widget-text-editor\" data-id=\"73be52d\" data-element_type=\"widget\" data-widget_type=\"text-editor.default\">\n\t\t\t\t<div class=\"elementor-widget-container\">\n\t\t\t\t\t\t\t<div>SUKCES NASZYCH UCZNI\u00d3W!!<\/div><div>\u00a0<\/div><div>Do II etapu Konkursu Matematycznego Puchacz Piotr, kt\u00f3ry odb\u0119dzie si\u0119 8 maja 2026 r. w Szkole Podstawowej im. Janiny Januszewskiej w Ciemnem, ul. Wo\u0142omi\u0144ska 208, zakwalifikowani zostali:<\/div><div>1. Oskar Or\u0142owski z kl. 2b<\/div><div>2. Adam Parys z kl. 2b<\/div><div>3. Mateusz Zy\u015bk z kl. 2b<\/div><div>4. Nikodem Wr\u00f3bel z kl. 3a<\/div><div>\u00a0<\/div><div>Serdecznie gratulujemy!<\/div><div>\u00a0<\/div><div style=\"text-align: right;\"><strong>Koordynator szkolny<\/strong><\/div><div style=\"text-align: right;\"><strong>Katarzyna Wardak<\/strong><\/div>\t\t\t\t\t\t<\/div>\n\t\t\t\t<\/div>\n\t\t\t\t\t<\/div>\n\t\t<\/div>\n\t\t\t\t<div class=\"elementor-column elementor-col-33 elementor-top-column elementor-element elementor-element-90e2a45\" data-id=\"90e2a45\" data-element_type=\"column\">\n\t\t\t<div class=\"elementor-widget-wrap\">\n\t\t\t\t\t\t\t<\/div>\n\t\t<\/div>\n\t\t\t\t\t<\/div>\n\t\t<\/section>\n\t\t\t\t<section class=\"elementor-section elementor-top-section elementor-element elementor-element-0b94678 elementor-section-boxed elementor-section-height-default elementor-section-height-default\" data-id=\"0b94678\" data-element_type=\"section\">\n\t\t\t\t\t\t<div class=\"elementor-container elementor-column-gap-default\">\n\t\t\t\t\t<div class=\"elementor-column elementor-col-66 elementor-top-column elementor-element elementor-element-fefa318\" data-id=\"fefa318\" data-element_type=\"column\">\n\t\t\t<div class=\"elementor-widget-wrap elementor-element-populated\">\n\t\t\t\t\t\t<div class=\"elementor-element elementor-element-e941ca0 elementor-widget elementor-widget-text-editor\" data-id=\"e941ca0\" data-element_type=\"widget\" data-widget_type=\"text-editor.default\">\n\t\t\t\t<div class=\"elementor-widget-container\">\n\t\t\t\t\t\t\t<p style=\"font-weight: 400;\"><strong>Sukces naszych uczennic!<\/strong><\/p><p style=\"font-weight: 400;\">\u00a0 \u00a0 \u00a0Z rado\u015bci\u0105 informujemy o sukcesie uczennic naszej szko\u0142y podczas <strong>Mi\u0119dzyszkolnego Festiwalu Piosenki<\/strong>, organizowanego przez Szko\u0142\u0119 Podstawow\u0105 I.J. Paderewskiego w Zago\u015bci\u0144cu pod patronatem Burmistrz Wo\u0142omina.<\/p><p style=\"font-weight: 400;\">W kategorii\u00a0<strong>solist\u00f3w (klasy I\u2013III)<\/strong>\u00a0nasza uczennica Amelia Milewska zdoby\u0142a\u00a0<strong>I miejsce<\/strong>, natomiast w kategorii\u00a0<strong>duet\u00f3w (klasy I\u2013III)<\/strong>\u00a0uczennice Patrycja Bogu\u0144ska i Nikola W\u0142aszczuk wy\u015bpiewa\u0142y\u00a0<strong>III miejsce<\/strong>.<\/p><p style=\"font-weight: 400;\">Serdecznie gratulujemy i \u017cyczymy dalszych sukces\u00f3w artystycznych!<\/p><p style=\"font-weight: 400;\">Opiekunowie<\/p><p style=\"font-weight: 400;\">Iwona Orych<\/p><p style=\"font-weight: 400;\">Katarzyna Wardak<\/p>\t\t\t\t\t\t<\/div>\n\t\t\t\t<\/div>\n\t\t\t\t\t<\/div>\n\t\t<\/div>\n\t\t\t\t<div class=\"elementor-column elementor-col-33 elementor-top-column elementor-element elementor-element-092c9d0\" data-id=\"092c9d0\" data-element_type=\"column\">\n\t\t\t<div class=\"elementor-widget-wrap elementor-element-populated\">\n\t\t\t\t\t\t<div class=\"elementor-element elementor-element-f1fafcc elementor-widget elementor-widget-image\" data-id=\"f1fafcc\" data-element_type=\"widget\" data-widget_type=\"image.default\">\n\t\t\t\t<div class=\"elementor-widget-container\">\n\t\t\t\t\t\t\t\t\t\t\t\t\t<img fetchpriority=\"high\" decoding=\"async\" width=\"334\" height=\"445\" src=\"http:\/\/spczarna.wolomin.org\/wp-content\/uploads\/2026\/03\/hdimg1a54de8d1ae1ce06c1fa4985d7cd32.jpg\" class=\"attachment-large size-large wp-image-6577\" alt=\"\" srcset=\"http:\/\/spczarna.wolomin.org\/wp-content\/uploads\/2026\/03\/hdimg1a54de8d1ae1ce06c1fa4985d7cd32.jpg 334w, http:\/\/spczarna.wolomin.org\/wp-content\/uploads\/2026\/03\/hdimg1a54de8d1ae1ce06c1fa4985d7cd32-225x300.jpg 225w\" sizes=\"(max-width: 334px) 100vw, 334px\" \/>\t\t\t\t\t\t\t\t\t\t\t\t\t<\/div>\n\t\t\t\t<\/div>\n\t\t\t\t\t<\/div>\n\t\t<\/div>\n\t\t\t\t\t<\/div>\n\t\t<\/section>\n\t\t\t\t<section class=\"elementor-section elementor-top-section elementor-element elementor-element-c8d0808 elementor-section-boxed elementor-section-height-default elementor-section-height-default\" data-id=\"c8d0808\" data-element_type=\"section\">\n\t\t\t\t\t\t<div class=\"elementor-container elementor-column-gap-default\">\n\t\t\t\t\t<div class=\"elementor-column elementor-col-66 elementor-top-column elementor-element elementor-element-6772f29\" data-id=\"6772f29\" data-element_type=\"column\">\n\t\t\t<div class=\"elementor-widget-wrap elementor-element-populated\">\n\t\t\t\t\t\t<div class=\"elementor-element elementor-element-e112f4e elementor-widget elementor-widget-text-editor\" data-id=\"e112f4e\" data-element_type=\"widget\" data-widget_type=\"text-editor.default\">\n\t\t\t\t<div class=\"elementor-widget-container\">\n\t\t\t\t\t\t\t<p>\u00a0 \u00a0 Gratulujemy uczennicy klasy VIIIb-Zuzannie Janiszewskiej, zwyci\u0119\u017cczyni w Gminnym Konkursie Retorycznym na \u201eTytu\u0142 Mistrza S\u0142owa 2026\u201d, w kategorii klas VII-VIII. Zadaniem by\u0142o przygotowanie i zaprezentowanie z pami\u0119ci w\u0142asnego tekstu na temat: \u201eDam rad\u0119. Nie jestem sam\u201d.<\/p><p>\u201c<span style=\"font-family: Calibri, serif;\"><span lang=\"en-US\">S\u0105 d\u0142onie, kt\u00f3rych nie zawsze widz\u0119, mimo to czuj\u0119 ich obecno\u015b\u0107 jak ciep\u0142o s\u0142o\u0144ca na zamkni\u0119tych powiekach &#8211; ciche zapewnienie, \u017ce nie id\u0119 przez \u015bwiat samemu. S\u0105 g\u0142osy, kt\u00f3re nie krzycz\u0105, lecz trwaj\u0105 <\/span><\/span><span style=\"font-family: Calibri, serif;\">&#8211; uparte tykanie zegara, spokojne i nieustanne, przypominaj\u0105ce, \u017ce czas p\u0142ynie, a wraz z nim mija to, co najtrudniejsze<\/span><span style=\"font-family: Calibri, serif;\"><span lang=\"en-US\">.\u201d <\/span><\/span><\/p><p><span style=\"font-family: Calibri, serif;\"><span lang=\"en-US\">To tylko fragment <\/span><\/span>pracy naszej laureatki (ca\u0142y tekst w za\u0142\u0105czniku), kt\u00f3ra zaprezentowa\u0142a wysoki poziom i bogactwo s\u0142ownictwa, tym samym zosta\u0142a zdobywczyni\u0105 Mistrza S\u0142owa 2026.<\/p><p><a name=\"Bookmark\"><\/a> <span style=\"font-family: Calibri, serif;\"><span lang=\"en-US\">Podzi\u0119kowanie r\u00f3wnie\u017c dla uczennicy kl. VIIIa- Weronice Fijo\u0142ek za udzia\u0142 w konkursie. <\/span><\/span><\/p><p>Opiekun Aldona Kuta<\/p>\t\t\t\t\t\t<\/div>\n\t\t\t\t<\/div>\n\t\t\t\t\t<\/div>\n\t\t<\/div>\n\t\t\t\t<div class=\"elementor-column elementor-col-33 elementor-top-column elementor-element elementor-element-d7750d9\" data-id=\"d7750d9\" data-element_type=\"column\">\n\t\t\t<div class=\"elementor-widget-wrap elementor-element-populated\">\n\t\t\t\t\t\t<div class=\"elementor-element elementor-element-2a2e507 elementor-widget elementor-widget-image\" data-id=\"2a2e507\" data-element_type=\"widget\" data-widget_type=\"image.default\">\n\t\t\t\t<div class=\"elementor-widget-container\">\n\t\t\t\t\t\t\t\t\t\t\t\t\t<img decoding=\"async\" width=\"334\" height=\"445\" src=\"http:\/\/spczarna.wolomin.org\/wp-content\/uploads\/2026\/02\/643408371_1599780404876200_358031373621521263_n.jpg\" class=\"attachment-large size-large wp-image-6462\" alt=\"\" srcset=\"http:\/\/spczarna.wolomin.org\/wp-content\/uploads\/2026\/02\/643408371_1599780404876200_358031373621521263_n.jpg 334w, http:\/\/spczarna.wolomin.org\/wp-content\/uploads\/2026\/02\/643408371_1599780404876200_358031373621521263_n-225x300.jpg 225w\" sizes=\"(max-width: 334px) 100vw, 334px\" \/>\t\t\t\t\t\t\t\t\t\t\t\t\t<\/div>\n\t\t\t\t<\/div>\n\t\t\t\t\t<\/div>\n\t\t<\/div>\n\t\t\t\t\t<\/div>\n\t\t<\/section>\n\t\t\t\t<section class=\"elementor-section elementor-top-section elementor-element elementor-element-fd2baaa elementor-section-boxed elementor-section-height-default elementor-section-height-default\" data-id=\"fd2baaa\" data-element_type=\"section\">\n\t\t\t\t\t\t<div class=\"elementor-container elementor-column-gap-default\">\n\t\t\t\t\t<div class=\"elementor-column elementor-col-100 elementor-top-column elementor-element elementor-element-0081935\" data-id=\"0081935\" data-element_type=\"column\">\n\t\t\t<div class=\"elementor-widget-wrap elementor-element-populated\">\n\t\t\t\t\t\t<div class=\"elementor-element elementor-element-cbb25c1 elementor-widget elementor-widget-pdfjs-viewer\" data-id=\"cbb25c1\" data-element_type=\"widget\" data-widget_type=\"pdfjs-viewer.default\">\n\t\t\t\t<div class=\"elementor-widget-container\">\n\t\t\t<iframe width=\"\" height=\"550\" src=\"http:\/\/spczarna.wolomin.org\/wp-content\/plugins\/pdfjs-viewer-for-elementor\/\/assets\/js\/pdfjs\/web\/viewer.html?file=http:\/\/spczarna.wolomin.org\/wp-content\/uploads\/2025\/05\/SKMBT_C22425052910240-obrocony.pdf\"><\/iframe>\t\t<\/div>\n\t\t\t\t<\/div>\n\t\t\t\t\t<\/div>\n\t\t<\/div>\n\t\t\t\t\t<\/div>\n\t\t<\/section>\n\t\t\t\t<section class=\"elementor-section elementor-top-section elementor-element elementor-element-91fbda6 elementor-section-boxed elementor-section-height-default elementor-section-height-default\" data-id=\"91fbda6\" data-element_type=\"section\">\n\t\t\t\t\t\t<div class=\"elementor-container elementor-column-gap-default\">\n\t\t\t\t\t<div class=\"elementor-column elementor-col-100 elementor-top-column elementor-element elementor-element-9eb4115\" data-id=\"9eb4115\" data-element_type=\"column\">\n\t\t\t<div class=\"elementor-widget-wrap elementor-element-populated\">\n\t\t\t\t\t\t<div class=\"elementor-element elementor-element-a8cd223 elementor-widget elementor-widget-pdfjs-viewer\" data-id=\"a8cd223\" data-element_type=\"widget\" data-widget_type=\"pdfjs-viewer.default\">\n\t\t\t\t<div class=\"elementor-widget-container\">\n\t\t\t<iframe width=\"\" height=\"550\" src=\"http:\/\/spczarna.wolomin.org\/wp-content\/plugins\/pdfjs-viewer-for-elementor\/\/assets\/js\/pdfjs\/web\/viewer.html?file=http:\/\/spczarna.wolomin.org\/wp-content\/uploads\/2025\/05\/SKMBT_C22425052910241-obrocony.pdf\"><\/iframe>\t\t<\/div>\n\t\t\t\t<\/div>\n\t\t\t\t\t<\/div>\n\t\t<\/div>\n\t\t\t\t\t<\/div>\n\t\t<\/section>\n\t\t\t\t<section class=\"elementor-section elementor-top-section elementor-element elementor-element-d86b87e elementor-section-boxed elementor-section-height-default elementor-section-height-default\" data-id=\"d86b87e\" data-element_type=\"section\">\n\t\t\t\t\t\t<div class=\"elementor-container elementor-column-gap-default\">\n\t\t\t\t\t<div class=\"elementor-column elementor-col-100 elementor-top-column elementor-element elementor-element-5f0b414\" data-id=\"5f0b414\" data-element_type=\"column\">\n\t\t\t<div class=\"elementor-widget-wrap elementor-element-populated\">\n\t\t\t\t\t\t<div class=\"elementor-element elementor-element-9a9a06e elementor-widget elementor-widget-image\" data-id=\"9a9a06e\" data-element_type=\"widget\" data-widget_type=\"image.default\">\n\t\t\t\t<div class=\"elementor-widget-container\">\n\t\t\t\t\t\t\t\t\t\t\t\t\t<img decoding=\"async\" width=\"315\" height=\"445\" src=\"http:\/\/spczarna.wolomin.org\/wp-content\/uploads\/2024\/12\/SKMBT_C22424120411410_page-0001.jpg\" class=\"attachment-full size-full wp-image-4910\" alt=\"\" srcset=\"http:\/\/spczarna.wolomin.org\/wp-content\/uploads\/2024\/12\/SKMBT_C22424120411410_page-0001.jpg 315w, http:\/\/spczarna.wolomin.org\/wp-content\/uploads\/2024\/12\/SKMBT_C22424120411410_page-0001-212x300.jpg 212w\" sizes=\"(max-width: 315px) 100vw, 315px\" \/>\t\t\t\t\t\t\t\t\t\t\t\t\t<\/div>\n\t\t\t\t<\/div>\n\t\t\t\t\t<\/div>\n\t\t<\/div>\n\t\t\t\t\t<\/div>\n\t\t<\/section>\n\t\t\t\t<\/div>\n\t\t","protected":false},"excerpt":{"rendered":"<p>SUKCES NASZYCH UCZNI\u00d3W!!\u00a0Do II etapu Konkursu Matematycznego Puchacz Piotr, kt\u00f3ry odb\u0119dzie si\u0119 8 maja 2026 r. w Szkole Podstawowej im.<\/p>\n","protected":false},"author":6,"featured_media":4893,"parent":0,"menu_order":0,"comment_status":"closed","ping_status":"closed","template":"","meta":{"footnotes":""},"featured_image_urls":{"full":["http:\/\/spczarna.wolomin.org\/wp-content\/uploads\/2024\/12\/Sukcesy-naszych-uczniow.jpg",677,445,false],"thumbnail":["http:\/\/spczarna.wolomin.org\/wp-content\/uploads\/2024\/12\/Sukcesy-naszych-uczniow-150x150.jpg",150,150,true],"medium":["http:\/\/spczarna.wolomin.org\/wp-content\/uploads\/2024\/12\/Sukcesy-naszych-uczniow-300x197.jpg",300,197,true],"medium_large":["http:\/\/spczarna.wolomin.org\/wp-content\/uploads\/2024\/12\/Sukcesy-naszych-uczniow.jpg",677,445,false],"large":["http:\/\/spczarna.wolomin.org\/wp-content\/uploads\/2024\/12\/Sukcesy-naszych-uczniow.jpg",677,445,false],"1536x1536":["http:\/\/spczarna.wolomin.org\/wp-content\/uploads\/2024\/12\/Sukcesy-naszych-uczniow.jpg",677,445,false],"2048x2048":["http:\/\/spczarna.wolomin.org\/wp-content\/uploads\/2024\/12\/Sukcesy-naszych-uczniow.jpg",677,445,false],"colormag-highlighted-post":["http:\/\/spczarna.wolomin.org\/wp-content\/uploads\/2024\/12\/Sukcesy-naszych-uczniow-392x272.jpg",392,272,true],"colormag-featured-post-medium":["http:\/\/spczarna.wolomin.org\/wp-content\/uploads\/2024\/12\/Sukcesy-naszych-uczniow-390x205.jpg",390,205,true],"colormag-featured-post-small":["http:\/\/spczarna.wolomin.org\/wp-content\/uploads\/2024\/12\/Sukcesy-naszych-uczniow-130x90.jpg",130,90,true],"colormag-featured-image":["http:\/\/spczarna.wolomin.org\/wp-content\/uploads\/2024\/12\/Sukcesy-naszych-uczniow.jpg",677,445,false],"colormag-default-news":["http:\/\/spczarna.wolomin.org\/wp-content\/uploads\/2024\/12\/Sukcesy-naszych-uczniow-150x150.jpg",150,150,true],"colormag-featured-image-large":["http:\/\/spczarna.wolomin.org\/wp-content\/uploads\/2024\/12\/Sukcesy-naszych-uczniow.jpg",677,445,false],"colormag-elementor-block-extra-large-thumbnail":["http:\/\/spczarna.wolomin.org\/wp-content\/uploads\/2024\/12\/Sukcesy-naszych-uczniow.jpg",677,445,false],"colormag-elementor-grid-large-thumbnail":["http:\/\/spczarna.wolomin.org\/wp-content\/uploads\/2024\/12\/Sukcesy-naszych-uczniow-600x417.jpg",600,417,true],"colormag-elementor-grid-small-thumbnail":["http:\/\/spczarna.wolomin.org\/wp-content\/uploads\/2024\/12\/Sukcesy-naszych-uczniow-285x445.jpg",285,445,true],"colormag-elementor-grid-medium-large-thumbnail":["http:\/\/spczarna.wolomin.org\/wp-content\/uploads\/2024\/12\/Sukcesy-naszych-uczniow-575x198.jpg",575,198,true]},"post_excerpt_stackable":"<p>SUKCES NASZYCH UCZNI\u00d3W!!\u00a0Do II etapu Konkursu Matematycznego Puchacz Piotr, kt\u00f3ry odb\u0119dzie si\u0119 8 maja 2026 r. w Szkole Podstawowej im. Janiny Januszewskiej w Ciemnem, ul. Wo\u0142omi\u0144ska 208, zakwalifikowani zostali:1. Oskar Or\u0142owski z kl. 2b2. Adam Parys z kl. 2b3. Mateusz Zy\u015bk z kl. 2b4. Nikodem Wr\u00f3bel z kl. 3a\u00a0Serdecznie gratulujemy!\u00a0Koordynator szkolnyKatarzyna Wardak Sukces naszych uczennic!\u00a0 \u00a0 \u00a0Z rado\u015bci\u0105 informujemy o sukcesie uczennic naszej szko\u0142y podczas Mi\u0119dzyszkolnego Festiwalu Piosenki, organizowanego przez Szko\u0142\u0119 Podstawow\u0105 I.J. Paderewskiego w Zago\u015bci\u0144cu pod patronatem Burmistrz Wo\u0142omina.W kategorii\u00a0solist\u00f3w (klasy I\u2013III)\u00a0nasza uczennica Amelia Milewska zdoby\u0142a\u00a0I miejsce, natomiast w kategorii\u00a0duet\u00f3w (klasy I\u2013III)\u00a0uczennice Patrycja Bogu\u0144ska i Nikola W\u0142aszczuk wy\u015bpiewa\u0142y\u00a0III miejsce.Serdecznie&hellip;<\/p>\n","category_list":"","author_info":{"name":"Rafa\u0142 Jurewicz","url":"http:\/\/spczarna.wolomin.org\/?author=6"},"comments_num":"0 comments","_links":{"self":[{"href":"http:\/\/spczarna.wolomin.org\/index.php?rest_route=\/wp\/v2\/pages\/4903"}],"collection":[{"href":"http:\/\/spczarna.wolomin.org\/index.php?rest_route=\/wp\/v2\/pages"}],"about":[{"href":"http:\/\/spczarna.wolomin.org\/index.php?rest_route=\/wp\/v2\/types\/page"}],"author":[{"embeddable":true,"href":"http:\/\/spczarna.wolomin.org\/index.php?rest_route=\/wp\/v2\/users\/6"}],"replies":[{"embeddable":true,"href":"http:\/\/spczarna.wolomin.org\/index.php?rest_route=%2Fwp%2Fv2%2Fcomments&post=4903"}],"version-history":[{"count":18,"href":"http:\/\/spczarna.wolomin.org\/index.php?rest_route=\/wp\/v2\/pages\/4903\/revisions"}],"predecessor-version":[{"id":6681,"href":"http:\/\/spczarna.wolomin.org\/index.php?rest_route=\/wp\/v2\/pages\/4903\/revisions\/6681"}],"wp:featuredmedia":[{"embeddable":true,"href":"http:\/\/spczarna.wolomin.org\/index.php?rest_route=\/wp\/v2\/media\/4893"}],"wp:attachment":[{"href":"http:\/\/spczarna.wolomin.org\/index.php?rest_route=%2Fwp%2Fv2%2Fmedia&parent=4903"}],"curies":[{"name":"wp","href":"https:\/\/api.w.org\/{rel}","templated":true}]}}